{"id":1844,"date":"2021-09-25T23:08:06","date_gmt":"2021-09-25T21:08:06","guid":{"rendered":"https:\/\/www.lyceeberkeley.com\/?page_id=1844"},"modified":"2021-12-08T20:34:34","modified_gmt":"2021-12-08T19:34:34","slug":"personnel-et-services","status":"publish","type":"page","link":"https:\/\/www.lyceeberkeley.com\/index.php\/personnel-et-services\/","title":{"rendered":"Personnel et Services"},"content":{"rendered":"<p>[vc_row][vc_column width=\u00a0\u00bb1\/2&Prime;][vc_column_text]<\/p>\n<p style=\"text-align: left;\">Un personnel administratif qualifi\u00e9 est recrut\u00e9 avec au moins un bac+3<br \/>\net des ann\u00e9es d\u2019exp\u00e9riences dans la gestion des \u00e9coles pour assurer<br \/>\nun suivi efficace et personnalis\u00e9 des \u00e9l\u00e8ves. Il accorde une attention<br \/>\n\u00e0 chaque \u00e9l\u00e8ve pour suivre son \u00e9volution, le guider et l\u2019aider \u00e0 s\u2019adapter<br \/>\nsereinement \u00e0 l\u2019environnement interne et externe.<br \/>\nLe Personnel suit \u00e9troitement les progr\u00e8s et le parcours de l\u2019\u00e9l\u00e8ve,<br \/>\ncoordonne son int\u00e9gration tant scolaire que sociale, et repr\u00e9sente<br \/>\nl\u2019interlocuteur privil\u00e9gi\u00e9 des parents. Il contribue \u00e0 aplanir toute difficult\u00e9<br \/>\net \u00e0 faire la liaison avec tous les enseignants, et fournit des conseils<br \/>\npr\u00e9cieux relatifs \u00e0 leur orientation.[\/vc_column_text][\/vc_column][vc_column width=\u00a0\u00bb1\/2&Prime;][\/vc_column][\/vc_row]<\/p>\n","protected":false},"excerpt":{"rendered":"<p>[vc_row][vc_column width=\u00a0\u00bb1\/2&Prime;][vc_column_text] Un personnel administratif qualifi\u00e9 est recrut\u00e9 avec au moins un bac+3 et des ann\u00e9es d\u2019exp\u00e9riences dans la gestion des \u00e9coles pour assurer un suivi efficace et personnalis\u00e9 des \u00e9l\u00e8ves. Il accorde une attention \u00e0 chaque \u00e9l\u00e8ve pour suivre son \u00e9volution, le guider et l\u2019aider \u00e0 s\u2019adapter sereinement \u00e0 l\u2019environnement interne et externe. Le [&hellip;]<\/p>\n","protected":false},"author":1,"featured_media":0,"parent":0,"menu_order":0,"comment_status":"closed","ping_status":"closed","template":"","meta":{"footnotes":""},"class_list":["post-1844","page","type-page","status-publish","hentry"],"_links":{"self":[{"href":"https:\/\/www.lyceeberkeley.com\/index.php\/wp-json\/wp\/v2\/pages\/1844","targetHints":{"allow":["GET"]}}],"collection":[{"href":"https:\/\/www.lyceeberkeley.com\/index.php\/wp-json\/wp\/v2\/pages"}],"about":[{"href":"https:\/\/www.lyceeberkeley.com\/index.php\/wp-json\/wp\/v2\/types\/page"}],"author":[{"embeddable":true,"href":"https:\/\/www.lyceeberkeley.com\/index.php\/wp-json\/wp\/v2\/users\/1"}],"replies":[{"embeddable":true,"href":"https:\/\/www.lyceeberkeley.com\/index.php\/wp-json\/wp\/v2\/comments?post=1844"}],"version-history":[{"count":3,"href":"https:\/\/www.lyceeberkeley.com\/index.php\/wp-json\/wp\/v2\/pages\/1844\/revisions"}],"predecessor-version":[{"id":2020,"href":"https:\/\/www.lyceeberkeley.com\/index.php\/wp-json\/wp\/v2\/pages\/1844\/revisions\/2020"}],"wp:attachment":[{"href":"https:\/\/www.lyceeberkeley.com\/index.php\/wp-json\/wp\/v2\/media?parent=1844"}],"curies":[{"name":"wp","href":"https:\/\/api.w.org\/{rel}","templated":true}]}}