{"id":1840,"date":"2021-09-25T23:07:05","date_gmt":"2021-09-25T21:07:05","guid":{"rendered":"https:\/\/www.lyceeberkeley.com\/?page_id=1840"},"modified":"2021-11-14T16:41:57","modified_gmt":"2021-11-14T15:41:57","slug":"mot-du-directeur","status":"publish","type":"page","link":"https:\/\/www.lyceeberkeley.com\/index.php\/mot-du-directeur\/","title":{"rendered":"Mot du directeur"},"content":{"rendered":"<p>[vc_row][vc_column][vc_column_text]<\/p>\n<div class=\"wpb_text_column wpb_content_element \">\n<div class=\"wpb_wrapper\">\n<p>Nous avons cr\u00e9\u00e9 le Lyc\u00e9e Berkeley, un Lyc\u00e9e d\u2019Excellence dans tous les sens du terme. L\u2019autre particularit\u00e9 c\u2019est l\u2019un des succ\u00e8s du Lyc\u00e9e Berkeley pratiquement tous les \u00e9l\u00e8ves qui sont pr\u00e9sentement en classe de Seconde ont fait leur cycle sur 3 ans, c\u2019est \u00e0 dire d\u00e8s la classe de Quatri\u00e8me ils se pr\u00e9sentent pratiquement au BFEM et donc en 3 ans d\u00e9j\u00e0 ils ont r\u00e9ussi avec triomphe un meilleur classement \u00e0 l\u2019examen du BFEM. Et surtout nous avons insist\u00e9 sur le bilinguisme parce que aujourd\u2019hui c\u2019est l\u2019anglais qui ouvre les portes, partout dans le monde on parle l\u2019anglais. C\u2019est vraiment des g\u00e9nies ils maitrisent la robotique. Donc avec plaisir je vais vous inviter \u00e0 visiter l\u2019univers de ces g\u00e9nies qui est la fiert\u00e9 de tout le S\u00e9n\u00e9gal.<\/p>\n<p><strong>Le Directeur G\u00e9n\u00e9ral<\/strong><\/p>\n<\/div>\n<\/div>\n<p>[\/vc_column_text][\/vc_column][\/vc_row][vc_row][vc_column][vc_video link=\u00a0\u00bbhttps:\/\/www.youtube.com\/watch?v=R5_5-mreE_M\u00a0\u00bb title=\u00a0\u00bbPr\u00e9sentation du Lyc\u00e9e Berkeley\u00a0\u00bb][\/vc_column][\/vc_row]<\/p>\n","protected":false},"excerpt":{"rendered":"<p>[vc_row][vc_column][vc_column_text] Nous avons cr\u00e9\u00e9 le Lyc\u00e9e Berkeley, un Lyc\u00e9e d\u2019Excellence dans tous les sens du terme. L\u2019autre particularit\u00e9 c\u2019est l\u2019un des succ\u00e8s du Lyc\u00e9e Berkeley pratiquement tous les \u00e9l\u00e8ves qui sont pr\u00e9sentement en classe de Seconde ont fait leur cycle sur 3 ans, c\u2019est \u00e0 dire d\u00e8s la classe de Quatri\u00e8me ils se pr\u00e9sentent pratiquement [&hellip;]<\/p>\n","protected":false},"author":1,"featured_media":0,"parent":0,"menu_order":0,"comment_status":"closed","ping_status":"closed","template":"","meta":{"footnotes":""},"class_list":["post-1840","page","type-page","status-publish","hentry"],"_links":{"self":[{"href":"https:\/\/www.lyceeberkeley.com\/index.php\/wp-json\/wp\/v2\/pages\/1840","targetHints":{"allow":["GET"]}}],"collection":[{"href":"https:\/\/www.lyceeberkeley.com\/index.php\/wp-json\/wp\/v2\/pages"}],"about":[{"href":"https:\/\/www.lyceeberkeley.com\/index.php\/wp-json\/wp\/v2\/types\/page"}],"author":[{"embeddable":true,"href":"https:\/\/www.lyceeberkeley.com\/index.php\/wp-json\/wp\/v2\/users\/1"}],"replies":[{"embeddable":true,"href":"https:\/\/www.lyceeberkeley.com\/index.php\/wp-json\/wp\/v2\/comments?post=1840"}],"version-history":[{"count":2,"href":"https:\/\/www.lyceeberkeley.com\/index.php\/wp-json\/wp\/v2\/pages\/1840\/revisions"}],"predecessor-version":[{"id":2013,"href":"https:\/\/www.lyceeberkeley.com\/index.php\/wp-json\/wp\/v2\/pages\/1840\/revisions\/2013"}],"wp:attachment":[{"href":"https:\/\/www.lyceeberkeley.com\/index.php\/wp-json\/wp\/v2\/media?parent=1840"}],"curies":[{"name":"wp","href":"https:\/\/api.w.org\/{rel}","templated":true}]}}