{"id":1744,"date":"2021-09-05T21:30:40","date_gmt":"2021-09-05T19:30:40","guid":{"rendered":"https:\/\/www.lyceeberkeley.com\/?page_id=1744"},"modified":"2021-11-14T17:10:39","modified_gmt":"2021-11-14T16:10:39","slug":"accueil","status":"publish","type":"page","link":"https:\/\/www.lyceeberkeley.com\/","title":{"rendered":"Accueil"},"content":{"rendered":"<p>[vc_row full_width=\u00a0\u00bbstretch_row_content_no_spaces\u00a0\u00bb][vc_column]\n\t\t\t<!-- START Slider 2 REVOLUTION SLIDER 6.5.4 --><p class=\"rs-p-wp-fix\"><\/p>\n\t\t\t<rs-module-wrap id=\"rev_slider_2_1_wrapper\" data-source=\"gallery\" style=\"visibility:hidden;background:transparent;padding:0;margin:0px auto;margin-top:0;margin-bottom:0;\">\n\t\t\t\t<rs-module id=\"rev_slider_2_1\" style=\"\" data-version=\"6.5.4\">\n\t\t\t\t\t<rs-slides>\n\t\t\t\t\t\t<rs-slide data-key=\"rs-2\" data-title=\"Slide\" data-anim=\"ms:1190;\" data-in=\"o:0;\" data-out=\"a:false;\">\n\t\t\t\t\t\t\t<img loading=\"lazy\" decoding=\"async\" src=\"\/\/www.lyceeberkeley.com\/wp-content\/plugins\/revslider\/public\/assets\/assets\/dummy.png\" title=\"slide6\" width=\"1900\" height=\"1268\" class=\"rev-slidebg tp-rs-img rs-lazyload\" data-lazyload=\"\/\/www.lyceeberkeley.com\/wp-content\/uploads\/2021\/09\/slide6.jpg\" data-bg=\"f:contain;\" data-no-retina>\n<!--\n\t\t\t\t\t\t\t--><rs-layer\n\t\t\t\t\t\t\t\tid=\"slider-2-slide-2-layer-0\" \n\t\t\t\t\t\t\t\tdata-type=\"shape\"\n\t\t\t\t\t\t\t\tdata-rsp_ch=\"on\"\n\t\t\t\t\t\t\t\tdata-xy=\"x:50px;y:262px;\"\n\t\t\t\t\t\t\t\tdata-text=\"w:normal;\"\n\t\t\t\t\t\t\t\tdata-dim=\"w:300px;h:180px;\"\n\t\t\t\t\t\t\t\tdata-frame_1=\"sp:1190;sR:10;\"\n\t\t\t\t\t\t\t\tdata-frame_999=\"o:0;st:w;sR:7800;\"\n\t\t\t\t\t\t\t\tstyle=\"z-index:9;background-color:#005fcc;\"\n\t\t\t\t\t\t\t><rs-bg-elem style=\"position:absolute; top:0px;left:0px;\"><\/rs-bg-elem>\n \n\t\t\t\t\t\t\t<\/rs-layer><!--\n\n\t\t\t\t\t\t\t--><a\n\t\t\t\t\t\t\t\tid=\"slider-2-slide-2-layer-2\" \n\t\t\t\t\t\t\t\tclass=\"rs-layer rev-btn\"\n\t\t\t\t\t\t\t\thref=\"\" target=\"_self\" rel=\"nofollow\"\n\t\t\t\t\t\t\t\tdata-type=\"button\"\n\t\t\t\t\t\t\t\tdata-color=\"#ffffff\"\n\t\t\t\t\t\t\t\tdata-rsp_ch=\"on\"\n\t\t\t\t\t\t\t\tdata-xy=\"x:84px;y:c;yo:111px;\"\n\t\t\t\t\t\t\t\tdata-text=\"w:nowrap;s:15;l:58;a:center;\"\n\t\t\t\t\t\t\t\tdata-dim=\"w:220;h:58;minh:0;\"\n\t\t\t\t\t\t\t\tdata-padding=\"r:22;l:22;\"\n\t\t\t\t\t\t\t\tdata-border=\"bor:50px,50px,50px,50px;\"\n\t\t\t\t\t\t\t\tdata-frame_1=\"e:power4.inOut;sp:1200;\"\n\t\t\t\t\t\t\t\tdata-frame_1_sfx=\"se:blocktoleft;\"\n\t\t\t\t\t\t\t\tdata-frame_999=\"o:0;st:8900;sp:500;sR:7700;\"\n\t\t\t\t\t\t\t\tdata-frame_hover=\"bgc:#3e80cc;bor:35px,35px,35px,35px;e:bounce.out;bri:120%;iC:true;\"\n\t\t\t\t\t\t\t\tstyle=\"z-index:8;background-color:#f6b7b2;font-family:Roboto;\"\n\t\t\t\t\t\t\t><rs-bg-elem style=\"position:absolute; top:0px;left:0px;\"><\/rs-bg-elem>\nDecouvrir nos formations \n\t\t\t\t\t\t\t<\/a><!--\n\n\t\t\t\t\t\t\t--><h1\n\t\t\t\t\t\t\t\tid=\"slider-2-slide-2-layer-5\" \n\t\t\t\t\t\t\t\tclass=\"rs-layer\"\n\t\t\t\t\t\t\t\tdata-type=\"text\"\n\t\t\t\t\t\t\t\tdata-color=\"#ffffff\"\n\t\t\t\t\t\t\t\tdata-rsp_ch=\"on\"\n\t\t\t\t\t\t\t\tdata-xy=\"x:83px;y:281px;\"\n\t\t\t\t\t\t\t\tdata-text=\"w:normal;s:38;l:48;fw:900;\"\n\t\t\t\t\t\t\t\tdata-dim=\"w:346;\"\n\t\t\t\t\t\t\t\tdata-frame_1=\"sp:1190;\"\n\t\t\t\t\t\t\t\tdata-frame_999=\"o:0;st:w;sR:7810;\"\n\t\t\t\t\t\t\t\tstyle=\"z-index:10;font-family:Poppins;\"\n\t\t\t\t\t\t\t><rs-bg-elem style=\"position:absolute; top:0px;left:0px;\"><\/rs-bg-elem>\nBERKELEY\nL'ECOLE DES GENIES \n\t\t\t\t\t\t\t<\/h1><!--\n-->\t\t\t\t\t\t<\/rs-slide>\n\t\t\t\t\t<\/rs-slides>\n\t\t\t\t<\/rs-module>\n\t\t\t\t<script type=\"text\/javascript\">\n\t\t\t\t\tsetREVStartSize({c: 'rev_slider_2_1',rl:[1240,1024,778,480],el:[800],gw:[1240],gh:[800],type:'standard',justify:'',layout:'fullwidth',mh:\"0\"});\n\t\t\t\t<\/script>\n\t\t\t<\/rs-module-wrap>\n\t\t\t<!-- END REVOLUTION SLIDER -->\n[\/vc_column][\/vc_row][vc_row full_width=\u00a0\u00bbstretch_row\u00a0\u00bb css=\u00a0\u00bb.vc_custom_1630871261569{padding-top: 30px !important;padding-bottom: 30px !important;background-color: #ffffff !important;}\u00a0\u00bb el_class=\u00a0\u00bbshadow\u00a0\u00bb][vc_column][vc_row_inner][vc_column_inner width=\u00a0\u00bb1\/3&Prime;][vc_empty_space height=\u00a0\u00bb20px\u00a0\u00bb][vc_custom_heading text=\u00a0\u00bbMOT DU DIRECTEUR\u00a0\u00bb use_theme_fonts=\u00a0\u00bbyes\u00a0\u00bb][vc_empty_space height=\u00a0\u00bb20px\u00a0\u00bb][\/vc_column_inner][vc_column_inner width=\u00a0\u00bb2\/3&Prime;][vc_column_text]Nous avons cr\u00e9\u00e9 le Lyc\u00e9e Berkeley, un Lyc\u00e9e d&rsquo;Excellence dans tous les sens du terme. L\u2019autre particularit\u00e9 c\u2019est l&rsquo;un des succ\u00e8s du Lyc\u00e9e Berkeley pratiquement tous les \u00e9l\u00e8ves qui sont pr\u00e9sentement en classe de Seconde ont fait leur cycle sur 3 ans, c&rsquo;est \u00e0 dire d\u00e8s la classe de Quatri\u00e8me ils se pr\u00e9sentent pratiquement au BFEM et donc en 3 ans d\u00e9j\u00e0 ils ont r\u00e9ussi avec triomphe un meilleur classement \u00e0 l&rsquo;examen du BFEM. Et surtout nous avons insist\u00e9 sur le bilinguisme parce que aujourd\u2019hui c&rsquo;est l&rsquo;anglais qui ouvre les portes, partout dans le monde on parle l\u2019anglais. C&rsquo;est vraiment des g\u00e9nies ils maitrisent la robotique. Donc avec plaisir je vais vous inviter \u00e0 visiter l&rsquo;univers de ces g\u00e9nies qui est la fiert\u00e9 de tout le S\u00e9n\u00e9gal.<\/p>\n<p><strong>Le Directeur G\u00e9n\u00e9ral<\/strong>[\/vc_column_text][vc_empty_space height=\u00a0\u00bb40px\u00a0\u00bb][\/vc_column_inner][\/vc_row_inner][\/vc_column][\/vc_row][vc_row full_width=\u00a0\u00bbstretch_row\u00a0\u00bb css=\u00a0\u00bb.vc_custom_1515983967740{padding-top: 80px !important;padding-bottom: 210px !important;background: #020620 url(http:\/\/www.lyceeberkeley.com\/wp-content\/uploads\/\/2017\/09\/bg-about_03.png?id=434) !important;background-position: center !important;background-repeat: no-repeat !important;background-size: cover !important;}\u00a0\u00bb][vc_column width=\u00a0\u00bb1\/2&Prime; offset=\u00a0\u00bbvc_col-md-8&Prime;][vc_row_inner content_placement=\u00a0\u00bbmiddle\u00a0\u00bb][vc_column_inner][vc_column_text]<iframe loading=\"lazy\" title=\"YouTube video player\" src=\"https:\/\/www.youtube.com\/embed\/R5_5-mreE_M\" width=\"660\" height=\"435\" frameborder=\"0\" allowfullscreen=\"allowfullscreen\"><\/iframe>[\/vc_column_text][vc_empty_space height=\u00a0\u00bb30px\u00a0\u00bb][\/vc_column_inner][\/vc_row_inner][\/vc_column][vc_column width=\u00a0\u00bb1\/2&Prime; offset=\u00a0\u00bbvc_col-md-4&Prime;][vc_row_inner][vc_column_inner][vc_column_text]<\/p>\n<h3><span style=\"color: #8d8ea3;\">Notre Mission <strong style=\"color: #fff;\">Former<\/strong> L&rsquo;\u00e9lite de <strong style=\"color: #fff;\">Demain.<\/strong><\/span><\/h3>\n<p>[\/vc_column_text][vc_empty_space height=\u00a0\u00bb20px\u00a0\u00bb][vc_column_text]<\/p>\n<ul>\n<li style=\"font-weight: 400;\" aria-level=\"1\">D\u00e9velopper \u00e0 la base, les outils du savoir scientifique et technique, les aptitudes de communication, la cr\u00e9ativit\u00e9, l\u2019autonomie et la recherche de la perfection chez les \u00e9l\u00e8ves.<\/li>\n<\/ul>\n<p>[\/vc_column_text][\/vc_column_inner][\/vc_row_inner][\/vc_column][\/vc_row][vc_row equal_height=\u00a0\u00bbyes\u00a0\u00bb css=\u00a0\u00bb.vc_custom_1519062491618{margin-top: -159px !important;}\u00a0\u00bb][vc_column width=\u00a0\u00bb1\/2&Prime; offset=\u00a0\u00bbvc_col-md-3&Prime;]<div class=\"iconbox aligncenter  vc_custom_1633364243080\">\n\t<div class=\"box-header\">\n\t\t<div class=\"box-icon\"><i class=\"entypo-icon entypo-icon-graduation-cap\"><\/i><\/div>\n\t\t<h4 class=\"box-title\">Inscription et Admission<\/h4>\n\t<\/div>\n\t<div class=\"box-content\">\n\t\t<div class=\"box-detail\">\n\t\t\t<p>Lorem ipsum dolor sit amet, consectetur adipiscing elit, sed do eiusmod tempor incididunt ut labore et dolore magna aliqua.<\/p>\n\n\t\t\t\n\t\t<p class=\"box-readmore\">\n\t\t\t<a href=\"https:\/\/www.lyceeberkeley.com\/index.php\/inscription-et-admission\/\">D\u00e9tails<\/a>\n\t\t<\/p>\n\t\t<\/div>\n\t<\/div>\n<\/div>[vc_empty_space height=\u00a0\u00bb30px\u00a0\u00bb][\/vc_column][vc_column width=\u00a0\u00bb1\/2&Prime; offset=\u00a0\u00bbvc_col-md-3&Prime;]<div class=\"iconbox aligncenter  vc_custom_1633364219840\">\n\t<div class=\"box-header\">\n\t\t<div class=\"box-icon\"><i class=\"entypo-icon entypo-icon-users\"><\/i><\/div>\n\t\t<h4 class=\"box-title\">Association des parents<\/h4>\n\t<\/div>\n\t<div class=\"box-content\">\n\t\t<div class=\"box-detail\">\n\t\t\t<p>Lorem ipsum dolor sit amet, consectetur adipiscing elit, sed do eiusmod tempor incididunt ut labore et dolore magna aliqua.<\/p>\n\n\t\t\t\n\t\t<p class=\"box-readmore\">\n\t\t\t<a href=\"https:\/\/www.lyceeberkeley.com\/index.php\/association-des-parents\/\">D\u00e9tails<\/a>\n\t\t<\/p>\n\t\t<\/div>\n\t<\/div>\n<\/div>[vc_empty_space height=\u00a0\u00bb30px\u00a0\u00bb][\/vc_column][vc_column width=\u00a0\u00bb1\/2&Prime; offset=\u00a0\u00bbvc_col-md-3&Prime;]<div class=\"iconbox aligncenter  vc_custom_1633364192477\">\n\t<div class=\"box-header\">\n\t\t<div class=\"box-icon\"><i class=\"entypo-icon entypo-icon-star\"><\/i><\/div>\n\t\t<h4 class=\"box-title\">Anciens \u00e9l\u00e8ves<\/h4>\n\t<\/div>\n\t<div class=\"box-content\">\n\t\t<div class=\"box-detail\">\n\t\t\t<p>Lorem ipsum dolor sit amet, consectetur adipiscing elit, sed do eiusmod tempor incididunt ut labore et dolore magna aliqua.<\/p>\n\n\t\t\t\n\t\t<p class=\"box-readmore\">\n\t\t\t<a href=\"https:\/\/www.lyceeberkeley.com\/index.php\/anciens-eleves\/\">D\u00e9tails<\/a>\n\t\t<\/p>\n\t\t<\/div>\n\t<\/div>\n<\/div>[vc_empty_space height=\u00a0\u00bb30px\u00a0\u00bb][\/vc_column][vc_column width=\u00a0\u00bb1\/2&Prime; offset=\u00a0\u00bbvc_col-md-3&Prime;]<div class=\"iconbox aligncenter  vc_custom_1633364267147\">\n\t<div class=\"box-header\">\n\t\t<div class=\"box-icon\"><i class=\"entypo-icon entypo-icon-help-circled\"><\/i><\/div>\n\t\t<h4 class=\"box-title\">Voyage linguistique, culturel et sportif<\/h4>\n\t<\/div>\n\t<div class=\"box-content\">\n\t\t<div class=\"box-detail\">\n\t\t\t<p>Lorem ipsum dolor sit amet, consectetur adipiscing elit, sed do eiusmod tempor incididunt ut labore et dolore magna aliqua.<\/p>\n\n\t\t\t\n\t\t<p class=\"box-readmore\">\n\t\t\t<a href=\"https:\/\/www.lyceeberkeley.com\/index.php\/voyage-linguistique-culturel-et-sportif\/\">D\u00e9tails<\/a>\n\t\t<\/p>\n\t\t<\/div>\n\t<\/div>\n<\/div>[vc_empty_space height=\u00a0\u00bb30px\u00a0\u00bb][\/vc_column][\/vc_row][vc_row css=\u00a0\u00bb.vc_custom_1515984066407{padding-top: 50px !important;}\u00a0\u00bb][vc_column][vc_row_inner][vc_column_inner width=\u00a0\u00bb1\/3&Prime;][vc_custom_heading text=\u00a0\u00bbACTUALITES\u00a0\u00bb use_theme_fonts=\u00a0\u00bbyes\u00a0\u00bb][vc_empty_space height=\u00a0\u00bb20px\u00a0\u00bb][\/vc_column_inner][vc_column_inner width=\u00a0\u00bb2\/3&Prime;][vc_column_text][\/vc_column_text][vc_empty_space height=\u00a0\u00bb40px\u00a0\u00bb][\/vc_column_inner][\/vc_row_inner][vc_row_inner][vc_column_inner]\n\t<div class=\"blog-shortcode  post-thumbnail-cover\">\n\t\t\n\t\t<div class=\"blog-entries\">\n\t\t\t\t\t\t\t<div class=\"entries-wrapper content-inner blog-grid\" data-grid=\"{&quot;itemSelector&quot;:&quot;.post&quot;}\" data-columns=\"2\">\n\t\t\t\t\t\t\t\t\t\t\t\n\t\t\t\t<div class=\"post post-9852 type-post status-publish format-standard hentry category-uncategorized\">\n\t\t\t\t\t<div class=\"post-inner\">\t\t\n\t\t\t\t\t\t\t\t\t\t\t\t\t\n\t\t\t\t\t\t\t\n\t\t\t\t\t\t\t\t<div class=\"post-image\">\n\t\t\t\t\t\t\t\t\t<span class=\"\">\n\t\t\t\t\t\t\t\t\t\t\t\t\t\t\t\t\t\t\t<\/span>\n\t\t\t\t\t\t\t\t<\/div>\n\n\t\t\t\t\t\t\t\n\t\t\t\t\t\t\n\t\t\t\t\t\t\n\t\t\t\t\t\t\t\t\t\t\t<\/div>\t\t\n\t\t\t\t<\/div>\n\n\t\t\t\t\t\t\t\t\n\t\t\t\t<div class=\"post post-9850 type-post status-publish format-standard hentry category-uncategorized\">\n\t\t\t\t\t<div class=\"post-inner\">\t\t\n\t\t\t\t\t\t\t\t\t\t\t\t\t\n\t\t\t\t\t\t\t\n\t\t\t\t\t\t\t\t<div class=\"post-image\">\n\t\t\t\t\t\t\t\t\t<span class=\"\">\n\t\t\t\t\t\t\t\t\t\t\t\t\t\t\t\t\t\t\t<\/span>\n\t\t\t\t\t\t\t\t<\/div>\n\n\t\t\t\t\t\t\t\n\t\t\t\t\t\t\n\t\t\t\t\t\t\n\t\t\t\t\t\t\t\t\t\t\t<\/div>\t\t\n\t\t\t\t<\/div>\n\n\t\t\t\t\t\t\t\t\n\t\t\t\t<div class=\"post post-9848 type-post status-publish format-standard hentry category-uncategorized\">\n\t\t\t\t\t<div class=\"post-inner\">\t\t\n\t\t\t\t\t\t\t\t\t\t\t\t\t\n\t\t\t\t\t\t\t\n\t\t\t\t\t\t\t\t<div class=\"post-image\">\n\t\t\t\t\t\t\t\t\t<span class=\"\">\n\t\t\t\t\t\t\t\t\t\t\t\t\t\t\t\t\t\t\t<\/span>\n\t\t\t\t\t\t\t\t<\/div>\n\n\t\t\t\t\t\t\t\n\t\t\t\t\t\t\n\t\t\t\t\t\t\n\t\t\t\t\t\t\t\t\t\t\t<\/div>\t\t\n\t\t\t\t<\/div>\n\n\t\t\t\t\t\t\t\t\n\t\t\t\t<div class=\"post post-9846 type-post status-publish format-standard hentry category-uncategorized\">\n\t\t\t\t\t<div class=\"post-inner\">\t\t\n\t\t\t\t\t\t\t\t\t\t\t\t\t\n\t\t\t\t\t\t\t\n\t\t\t\t\t\t\t\t<div class=\"post-image\">\n\t\t\t\t\t\t\t\t\t<span class=\"\">\n\t\t\t\t\t\t\t\t\t\t\t\t\t\t\t\t\t\t\t<\/span>\n\t\t\t\t\t\t\t\t<\/div>\n\n\t\t\t\t\t\t\t\n\t\t\t\t\t\t\n\t\t\t\t\t\t\n\t\t\t\t\t\t\t\t\t\t\t<\/div>\t\t\n\t\t\t\t<\/div>\n\n\t\t\t\t\t\t\t\t\t\t\t<\/div>\n\t\t<\/div>\n\t<\/div>[\/vc_column_inner][\/vc_row_inner][\/vc_column][\/vc_row]<\/p>\n","protected":false},"excerpt":{"rendered":"<p>[vc_row full_width=\u00a0\u00bbstretch_row_content_no_spaces\u00a0\u00bb][vc_column][\/vc_column][\/vc_row][vc_row full_width=\u00a0\u00bbstretch_row\u00a0\u00bb css=\u00a0\u00bb.vc_custom_1630871261569{padding-top: 30px !important;padding-bottom: 30px !important;background-color: #ffffff !important;}\u00a0\u00bb el_class=\u00a0\u00bbshadow\u00a0\u00bb][vc_column][vc_row_inner][vc_column_inner width=\u00a0\u00bb1\/3&Prime;][vc_empty_space height=\u00a0\u00bb20px\u00a0\u00bb][vc_custom_heading text=\u00a0\u00bbMOT DU DIRECTEUR\u00a0\u00bb use_theme_fonts=\u00a0\u00bbyes\u00a0\u00bb][vc_empty_space height=\u00a0\u00bb20px\u00a0\u00bb][\/vc_column_inner][vc_column_inner width=\u00a0\u00bb2\/3&Prime;][vc_column_text]Nous avons cr\u00e9\u00e9 le Lyc\u00e9e Berkeley, un Lyc\u00e9e d&rsquo;Excellence dans tous les sens du terme. L\u2019autre particularit\u00e9 c\u2019est l&rsquo;un des succ\u00e8s du Lyc\u00e9e Berkeley pratiquement tous les \u00e9l\u00e8ves qui sont pr\u00e9sentement en classe de Seconde ont fait [&hellip;]<\/p>\n","protected":false},"author":1,"featured_media":0,"parent":0,"menu_order":0,"comment_status":"closed","ping_status":"closed","template":"","meta":{"footnotes":""},"class_list":["post-1744","page","type-page","status-publish","hentry"],"_links":{"self":[{"href":"https:\/\/www.lyceeberkeley.com\/index.php\/wp-json\/wp\/v2\/pages\/1744","targetHints":{"allow":["GET"]}}],"collection":[{"href":"https:\/\/www.lyceeberkeley.com\/index.php\/wp-json\/wp\/v2\/pages"}],"about":[{"href":"https:\/\/www.lyceeberkeley.com\/index.php\/wp-json\/wp\/v2\/types\/page"}],"author":[{"embeddable":true,"href":"https:\/\/www.lyceeberkeley.com\/index.php\/wp-json\/wp\/v2\/users\/1"}],"replies":[{"embeddable":true,"href":"https:\/\/www.lyceeberkeley.com\/index.php\/wp-json\/wp\/v2\/comments?post=1744"}],"version-history":[{"count":50,"href":"https:\/\/www.lyceeberkeley.com\/index.php\/wp-json\/wp\/v2\/pages\/1744\/revisions"}],"predecessor-version":[{"id":2017,"href":"https:\/\/www.lyceeberkeley.com\/index.php\/wp-json\/wp\/v2\/pages\/1744\/revisions\/2017"}],"wp:attachment":[{"href":"https:\/\/www.lyceeberkeley.com\/index.php\/wp-json\/wp\/v2\/media?parent=1744"}],"curies":[{"name":"wp","href":"https:\/\/api.w.org\/{rel}","templated":true}]}}