{"id":1720,"date":"2021-09-05T19:45:03","date_gmt":"2021-09-05T17:45:03","guid":{"rendered":"https:\/\/www.lyceeberkeley.com\/?page_id=1720"},"modified":"2021-09-19T15:48:48","modified_gmt":"2021-09-19T13:48:48","slug":"programme","status":"publish","type":"page","link":"https:\/\/www.lyceeberkeley.com\/index.php\/programme\/","title":{"rendered":"Programme"},"content":{"rendered":"<p>[vc_row css=\u00a0\u00bb.vc_custom_1510549832750{padding-top: 50px !important;}\u00a0\u00bb][vc_column][vc_custom_heading text=\u00a0\u00bbActivit\u00e9s de renforcement\u00a0\u00bb font_container=\u00a0\u00bbtag:h3|text_align:left\u00a0\u00bb use_theme_fonts=\u00a0\u00bbyes\u00a0\u00bb][vc_empty_space height=\u00a0\u00bb20px\u00a0\u00bb][vc_column_text]<\/p>\n<ul>\n<li style=\"font-weight: 400;\" aria-level=\"1\"><span style=\"font-weight: 400;\">Sorties p\u00e9dagogiques<\/span><\/li>\n<li style=\"font-weight: 400;\" aria-level=\"1\"><span style=\"font-weight: 400;\">Stages linguistiques (immersion) dans les pays anglophones<\/span><\/li>\n<li style=\"font-weight: 400;\" aria-level=\"1\"><span style=\"font-weight: 400;\">Des conf\u00e9rences et D\u00e9bats<\/span><\/li>\n<li style=\"font-weight: 400;\" aria-level=\"1\"><span style=\"font-weight: 400;\">Des comp\u00e9titions\u00a0: art oratoire, jeux de l\u2019esprit, culture g\u00e9n\u00e9rale, cr\u00e9ations, etc.<\/span><\/li>\n<li style=\"font-weight: 400;\" aria-level=\"1\"><span style=\"font-weight: 400;\">Des camps de renforcement<\/span><\/li>\n<li style=\"font-weight: 400;\" aria-level=\"1\"><span style=\"font-weight: 400;\">Des suivis personnalis\u00e9s d\u2019\u00e9l\u00e8ves<\/span><\/li>\n<\/ul>\n<p>[\/vc_column_text][\/vc_column][\/vc_row][vc_row css=\u00a0\u00bb.vc_custom_1510549832750{padding-top: 50px !important;}\u00a0\u00bb][vc_column][vc_custom_heading text=\u00a0\u00bbPROGRAMME BERKELEY\u00a0\u00bb font_container=\u00a0\u00bbtag:h3|text_align:left\u00a0\u00bb use_theme_fonts=\u00a0\u00bbyes\u00a0\u00bb][vc_empty_space height=\u00a0\u00bb20px\u00a0\u00bb][vc_raw_html]JTA5JTNDZGl2JTIwY2xhc3MlM0QlMjJ0YWJsZSUyMiUzRSUwQSUwOSUwOSUzQ2RpdiUyMGNsYXNzJTNEJTIydGFibGUtaGVhZGVyJTIyJTNFJTBBJTA5JTA5JTA5JTNDZGl2JTIwY2xhc3MlM0QlMjJoZWFkZXJfX2l0ZW0lMjIlM0VQcm9ncmFtbWUlMjA2JUMzJUE4bWUlMjAlMjBldCUyMDUlQzMlQThtZSUzQyUyRmRpdiUzRSUwQSUwOSUwOSUwOSUzQ2RpdiUyMGNsYXNzJTNEJTIyaGVhZGVyX19pdGVtJTIyJTNFUHJvZ3JhbW1lJTIwb2ZmaWNpZWwlM0MlMkZkaXYlM0UlMEElMDklMDklMDklM0NkaXYlMjBjbGFzcyUzRCUyMmhlYWRlcl9faXRlbSUyMiUzRVByb2dyYW1tZSUyMEJlcmtlbGV5JTNDJTJGZGl2JTNFJTBBJTA5JTA5JTNDJTJGZGl2JTNFJTBBJTA5JTA5JTNDZGl2JTIwY2xhc3MlM0QlMjJ0YWJsZS1jb250ZW50JTIyJTNFJTA5JTBBJTA5JTA5JTA5JTNDZGl2JTIwY2xhc3MlM0QlMjJ0YWJsZS1yb3clMjIlMjBzdHlsZSUzRCUyMmJhY2tncm91bmQlM0ElMjAlMjNlOGU4ZTglM0IlMjIlM0UlMDklMDklMEElMDklMDklMDklMDklM0NkaXYlMjBjbGFzcyUzRCUyMnRhYmxlLWRhdGElMjIlM0VGcmFuJUMzJUE3YWlzJTNDJTJGZGl2JTNFJTBBJTA5JTA5JTA5JTA5JTNDZGl2JTIwY2xhc3MlM0QlMjJ0YWJsZS1kYXRhJTIyJTNFNEglM0MlMkZkaXYlM0UlMEElMDklMDklMDklMDklM0NkaXYlMjBjbGFzcyUzRCUyMnRhYmxlLWRhdGElMjIlM0U0SCUzQyUyRmRpdiUzRSUwQSUwOSUwOSUwOSUzQyUyRmRpdiUzRSUwQSUwOSUwOSUwOSUzQ2RpdiUyMGNsYXNzJTNEJTIydGFibGUtcm93JTIyJTNFJTBBJTA5JTA5JTA5JTA5JTNDZGl2JTIwY2xhc3MlM0QlMjJ0YWJsZS1kYXRhJTIyJTNFQW5nbGFpcyUzQyUyRmRpdiUzRSUwQSUwOSUwOSUwOSUwOSUzQ2RpdiUyMGNsYXNzJTNEJTIydGFibGUtZGF0YSUyMiUzRTNIJTNDJTJGZGl2JTNFJTBBJTA5JTA5JTA5JTA5JTNDZGl2JTIwY2xhc3MlM0QlMjJ0YWJsZS1kYXRhJTIyJTNFNkglM0MlMkZkaXYlM0UlMEElMDklMDklMDklM0MlMkZkaXYlM0UlMEElMDklMDklMDklM0NkaXYlMjBjbGFzcyUzRCUyMnRhYmxlLXJvdyUyMiUyMCUyMHN0eWxlJTNEJTIyYmFja2dyb3VuZCUzQSUyMCUyM2U4ZThlOCUzQiUyMiUzRSUwQSUwOSUwOSUwOSUwOSUzQ2RpdiUyMGNsYXNzJTNEJTIydGFibGUtZGF0YSUyMiUzRUhpc3RvaXJlLUclQzMlQTlvZ3JhcGhpZSUyMCUyRiUyMGNvdXJzJTIwZGlzcGVucyVDMyVBOSUyMGVuJTIwZnJhbiVDMyVBN2FpcyUyMGV0JTIwZW4lMjBhbmdsYWlzJTNDJTJGZGl2JTNFJTBBJTA5JTA5JTA5JTA5JTNDZGl2JTIwY2xhc3MlM0QlMjJ0YWJsZS1kYXRhJTIyJTNFNUglM0MlMkZkaXYlM0UlMEElMDklMDklMDklMDklM0NkaXYlMjBjbGFzcyUzRCUyMnRhYmxlLWRhdGElMjIlM0U1SCUzQyUyRmRpdiUzRSUwQSUwOSUwOSUwOSUzQyUyRmRpdiUzRSUwQSUyMCUyMCUyMCUyMCUyMCUyMCUyMCUyMCUyMCUyMCUyMCUyMCUzQ2RpdiUyMGNsYXNzJTNEJTIydGFibGUtcm93JTIyJTNFJTBBJTA5JTA5JTA5JTA5JTNDZGl2JTIwY2xhc3MlM0QlMjJ0YWJsZS1kYXRhJTIyJTNFTWF0aCVDMyVBOW1hdGlxdWVzJTNDJTJGZGl2JTNFJTBBJTA5JTA5JTA5JTA5JTNDZGl2JTIwY2xhc3MlM0QlMjJ0YWJsZS1kYXRhJTIyJTNFNkglM0MlMkZkaXYlM0UlMEElMDklMDklMDklMDklM0NkaXYlMjBjbGFzcyUzRCUyMnRhYmxlLWRhdGElMjIlM0U5SCUzQyUyRmRpdiUzRSUwQSUwOSUwOSUwOSUzQyUyRmRpdiUzRSUwQSUyMCUyMCUyMCUyMCUyMCUyMCUyMCUyMCUyMCUyMCUyMCUyMCUzQ2RpdiUyMGNsYXNzJTNEJTIydGFibGUtcm93JTIyJTIwJTIwc3R5bGUlM0QlMjJiYWNrZ3JvdW5kJTNBJTIwJTIzZThlOGU4JTNCJTIyJTNFJTBBJTA5JTA5JTA5JTA5JTNDZGl2JTIwY2xhc3MlM0QlMjJ0YWJsZS1kYXRhJTIyJTNFSW5pdGlhdGlvbiUyMGF1eCUyME1hdGglQzMlQTltYXRpcXVlcyUyMGVuJTIwYW5nbGFpcyUzQyUyRmRpdiUzRSUwQSUwOSUwOSUwOSUwOSUzQ2RpdiUyMGNsYXNzJTNEJTIydGFibGUtZGF0YSUyMiUzRSUzQyUyRmRpdiUzRSUwQSUwOSUwOSUwOSUwOSUzQ2RpdiUyMGNsYXNzJTNEJTIydGFibGUtZGF0YSUyMiUzRTFIJTNDJTJGZGl2JTNFJTBBJTA5JTA5JTA5JTNDJTJGZGl2JTNFJTBBJTIwJTIwJTIwJTIwJTIwJTIwJTIwJTIwJTIwJTIwJTIwJTIwJTNDZGl2JTIwY2xhc3MlM0QlMjJ0YWJsZS1yb3clMjIlM0UlMEElMDklMDklMDklMDklM0NkaXYlMjBjbGFzcyUzRCUyMnRhYmxlLWRhdGElMjIlM0VTY2llbmNlcyUyMGRlJTIwbGElMjB2aWUlMjBldCUyMGRlJTIwbGElMjB0ZXJyZSUyMCUyRiUyMGNvdXJzJTIwZGlzcGVucyVDMyVBOSUyMGVuJTIwZnJhbiVDMyVBN2FpcyUyMGV0JTIwZW4lMjBhbmdsYWlzJTNDJTJGZGl2JTNFJTBBJTA5JTA5JTA5JTA5JTNDZGl2JTIwY2xhc3MlM0QlMjJ0YWJsZS1kYXRhJTIyJTNFM0glM0MlMkZkaXYlM0UlMEElMDklMDklMDklMDklM0NkaXYlMjBjbGFzcyUzRCUyMnRhYmxlLWRhdGElMjIlM0UzSCUzQyUyRmRpdiUzRSUwQSUwOSUwOSUwOSUzQyUyRmRpdiUzRSUwQSUyMCUyMCUyMCUyMCUyMCUyMCUyMCUyMCUyMCUyMCUyMCUyMCUzQ2RpdiUyMGNsYXNzJTNEJTIydGFibGUtcm93JTIyJTIwJTIwc3R5bGUlM0QlMjJiYWNrZ3JvdW5kJTNBJTIwJTIzZThlOGU4JTNCJTIyJTNFJTBBJTA5JTA5JTA5JTA5JTNDZGl2JTIwY2xhc3MlM0QlMjJ0YWJsZS1kYXRhJTIyJTNFRURBJTIwZXQlMjBFRE0lM0MlMkZkaXYlM0UlMEElMDklMDklMDklMDklM0NkaXYlMjBjbGFzcyUzRCUyMnRhYmxlLWRhdGElMjIlM0UxSCUzQyUyRmRpdiUzRSUwQSUwOSUwOSUwOSUwOSUzQ2RpdiUyMGNsYXNzJTNEJTIydGFibGUtZGF0YSUyMiUzRTFIJTNDJTJGZGl2JTNFJTBBJTA5JTA5JTA5JTNDJTJGZGl2JTNFJTBBJTIwJTIwJTIwJTIwJTIwJTIwJTIwJTIwJTIwJTIwJTIwJTIwJTNDZGl2JTIwY2xhc3MlM0QlMjJ0YWJsZS1yb3clMjIlM0UlMEElMDklMDklMDklMDklM0NkaXYlMjBjbGFzcyUzRCUyMnRhYmxlLWRhdGElMjIlM0VJbmZvcm1hdGlxdWUlMkYlMjBjb3VycyUyMGRpc3BlbnMlQzMlQTklMjBlbiUyMGZyYW4lQzMlQTdhaXMlMjBldCUyMGVuJTIwYW5nbGFpcyUzQyUyRmRpdiUzRSUwQSUwOSUwOSUwOSUwOSUzQ2RpdiUyMGNsYXNzJTNEJTIydGFibGUtZGF0YSUyMiUzRTJIJTNDJTJGZGl2JTNFJTBBJTA5JTA5JTA5JTA5JTNDZGl2JTIwY2xhc3MlM0QlMjJ0YWJsZS1kYXRhJTIyJTNFMkglM0MlMkZkaXYlM0UlMEElMDklMDklMDklM0MlMkZkaXYlM0UlMEElMjAlMjAlMjAlMjAlMjAlMjAlMjAlMjAlMjAlMjAlMjAlMjAlM0NkaXYlMjBjbGFzcyUzRCUyMnRhYmxlLXJvdyUyMiUyMCUyMHN0eWxlJTNEJTIyYmFja2dyb3VuZCUzQSUyMCUyM2U4ZThlOCUzQiUyMiUzRSUwQSUwOSUwOSUwOSUwOSUzQ2RpdiUyMGNsYXNzJTNEJTIydGFibGUtZGF0YSUyMiUzRUFjdGl2aXQlQzMlQTlzJTIwZGUlMjBjciVDMyVBOWF0aW9uJTIwZXQlMjBkZSUyMHJlY2hlcmNoZSUzQyUyRmRpdiUzRSUwQSUwOSUwOSUwOSUwOSUzQ2RpdiUyMGNsYXNzJTNEJTIydGFibGUtZGF0YSUyMiUzRSUzQyUyRmRpdiUzRSUwQSUwOSUwOSUwOSUwOSUzQ2RpdiUyMGNsYXNzJTNEJTIydGFibGUtZGF0YSUyMiUzRTFIJTNDJTJGZGl2JTNFJTBBJTA5JTA5JTA5JTNDJTJGZGl2JTNFJTBBJTIwJTIwJTIwJTIwJTIwJTIwJTIwJTIwJTIwJTIwJTIwJTIwJTNDZGl2JTIwY2xhc3MlM0QlMjJ0YWJsZS1yb3clMjIlMjBzdHlsZSUzRCUyMmNvbG9yJTNBJTIwJTIzZmZmJTNCYmFja2dyb3VuZCUzQSUyMCUyMzJlODhkNiUzQiUyMiUzRSUwQSUwOSUwOSUwOSUwOSUzQ2RpdiUyMGNsYXNzJTNEJTIydGFibGUtZGF0YSUyMiUzRVZvbHVtZSUyMGhvcmFpcmUlMjB0b3RhbCUzQyUyRmRpdiUzRSUwQSUwOSUwOSUwOSUwOSUzQ2RpdiUyMGNsYXNzJTNEJTIydGFibGUtZGF0YSUyMiUzRTI0SCUzQyUyRmRpdiUzRSUwQSUwOSUwOSUwOSUwOSUzQ2RpdiUyMGNsYXNzJTNEJTIydGFibGUtZGF0YSUyMiUzRTMySCUzQyUyRmRpdiUzRSUwQSUwOSUwOSUwOSUzQyUyRmRpdiUzRSUwQSUwOSUwOSUzQyUyRmRpdiUzRSUwOSUwQSUzQyUyRmRpdiUzRQ==[\/vc_raw_html][\/vc_column][\/vc_row][vc_row css=\u00a0\u00bb.vc_custom_1510549832750{padding-top: 50px !important;}\u00a0\u00bb][vc_column][vc_custom_heading text=\u00a0\u00bbEMPLOI DU TEMPS\u00a0\u00bb font_container=\u00a0\u00bbtag:h3|text_align:left\u00a0\u00bb use_theme_fonts=\u00a0\u00bbyes\u00a0\u00bb][vc_empty_space height=\u00a0\u00bb20px\u00a0\u00bb][vc_single_image image=\u00a0\u00bb1830&Prime; img_size=\u00a0\u00bbfull\u00a0\u00bb][\/vc_column][\/vc_row]<\/p>\n","protected":false},"excerpt":{"rendered":"<p>[vc_row css=\u00a0\u00bb.vc_custom_1510549832750{padding-top: 50px !important;}\u00a0\u00bb][vc_column][vc_custom_heading text=\u00a0\u00bbActivit\u00e9s de renforcement\u00a0\u00bb font_container=\u00a0\u00bbtag:h3|text_align:left\u00a0\u00bb use_theme_fonts=\u00a0\u00bbyes\u00a0\u00bb][vc_empty_space height=\u00a0\u00bb20px\u00a0\u00bb][vc_column_text] Sorties p\u00e9dagogiques Stages linguistiques (immersion) dans les pays anglophones Des conf\u00e9rences et D\u00e9bats Des comp\u00e9titions\u00a0: art oratoire, jeux de l\u2019esprit, culture g\u00e9n\u00e9rale, cr\u00e9ations, etc. Des camps de renforcement Des suivis personnalis\u00e9s d\u2019\u00e9l\u00e8ves [\/vc_column_text][\/vc_column][\/vc_row][vc_row css=\u00a0\u00bb.vc_custom_1510549832750{padding-top: 50px !important;}\u00a0\u00bb][vc_column][vc_custom_heading text=\u00a0\u00bbPROGRAMME BERKELEY\u00a0\u00bb font_container=\u00a0\u00bbtag:h3|text_align:left\u00a0\u00bb use_theme_fonts=\u00a0\u00bbyes\u00a0\u00bb][vc_empty_space height=\u00a0\u00bb20px\u00a0\u00bb][vc_raw_html]JTA5JTNDZGl2JTIwY2xhc3MlM0QlMjJ0YWJsZSUyMiUzRSUwQSUwOSUwOSUzQ2RpdiUyMGNsYXNzJTNEJTIydGFibGUtaGVhZGVyJTIyJTNFJTBBJTA5JTA5JTA5JTNDZGl2JTIwY2xhc3MlM0QlMjJoZWFkZXJfX2l0ZW0lMjIlM0VQcm9ncmFtbWUlMjA2JUMzJUE4bWUlMjAlMjBldCUyMDUlQzMlQThtZSUzQyUyRmRpdiUzRSUwQSUwOSUwOSUwOSUzQ2RpdiUyMGNsYXNzJTNEJTIyaGVhZGVyX19pdGVtJTIyJTNFUHJvZ3JhbW1lJTIwb2ZmaWNpZWwlM0MlMkZkaXYlM0UlMEElMDklMDklMDklM0NkaXYlMjBjbGFzcyUzRCUyMmhlYWRlcl9faXRlbSUyMiUzRVByb2dyYW1tZSUyMEJlcmtlbGV5JTNDJTJGZGl2JTNFJTBBJTA5JTA5JTNDJTJGZGl2JTNFJTBBJTA5JTA5JTNDZGl2JTIwY2xhc3MlM0QlMjJ0YWJsZS1jb250ZW50JTIyJTNFJTA5JTBBJTA5JTA5JTA5JTNDZGl2JTIwY2xhc3MlM0QlMjJ0YWJsZS1yb3clMjIlMjBzdHlsZSUzRCUyMmJhY2tncm91bmQlM0ElMjAlMjNlOGU4ZTglM0IlMjIlM0UlMDklMDklMEElMDklMDklMDklMDklM0NkaXYlMjBjbGFzcyUzRCUyMnRhYmxlLWRhdGElMjIlM0VGcmFuJUMzJUE3YWlzJTNDJTJGZGl2JTNFJTBBJTA5JTA5JTA5JTA5JTNDZGl2JTIwY2xhc3MlM0QlMjJ0YWJsZS1kYXRhJTIyJTNFNEglM0MlMkZkaXYlM0UlMEElMDklMDklMDklMDklM0NkaXYlMjBjbGFzcyUzRCUyMnRhYmxlLWRhdGElMjIlM0U0SCUzQyUyRmRpdiUzRSUwQSUwOSUwOSUwOSUzQyUyRmRpdiUzRSUwQSUwOSUwOSUwOSUzQ2RpdiUyMGNsYXNzJTNEJTIydGFibGUtcm93JTIyJTNFJTBBJTA5JTA5JTA5JTA5JTNDZGl2JTIwY2xhc3MlM0QlMjJ0YWJsZS1kYXRhJTIyJTNFQW5nbGFpcyUzQyUyRmRpdiUzRSUwQSUwOSUwOSUwOSUwOSUzQ2RpdiUyMGNsYXNzJTNEJTIydGFibGUtZGF0YSUyMiUzRTNIJTNDJTJGZGl2JTNFJTBBJTA5JTA5JTA5JTA5JTNDZGl2JTIwY2xhc3MlM0QlMjJ0YWJsZS1kYXRhJTIyJTNFNkglM0MlMkZkaXYlM0UlMEElMDklMDklMDklM0MlMkZkaXYlM0UlMEElMDklMDklMDklM0NkaXYlMjBjbGFzcyUzRCUyMnRhYmxlLXJvdyUyMiUyMCUyMHN0eWxlJTNEJTIyYmFja2dyb3VuZCUzQSUyMCUyM2U4ZThlOCUzQiUyMiUzRSUwQSUwOSUwOSUwOSUwOSUzQ2RpdiUyMGNsYXNzJTNEJTIydGFibGUtZGF0YSUyMiUzRUhpc3RvaXJlLUclQzMlQTlvZ3JhcGhpZSUyMCUyRiUyMGNvdXJzJTIwZGlzcGVucyVDMyVBOSUyMGVuJTIwZnJhbiVDMyVBN2FpcyUyMGV0JTIwZW4lMjBhbmdsYWlzJTNDJTJGZGl2JTNFJTBBJTA5JTA5JTA5JTA5JTNDZGl2JTIwY2xhc3MlM0QlMjJ0YWJsZS1kYXRhJTIyJTNFNUglM0MlMkZkaXYlM0UlMEElMDklMDklMDklMDklM0NkaXYlMjBjbGFzcyUzRCUyMnRhYmxlLWRhdGElMjIlM0U1SCUzQyUyRmRpdiUzRSUwQSUwOSUwOSUwOSUzQyUyRmRpdiUzRSUwQSUyMCUyMCUyMCUyMCUyMCUyMCUyMCUyMCUyMCUyMCUyMCUyMCUzQ2RpdiUyMGNsYXNzJTNEJTIydGFibGUtcm93JTIyJTNFJTBBJTA5JTA5JTA5JTA5JTNDZGl2JTIwY2xhc3MlM0QlMjJ0YWJsZS1kYXRhJTIyJTNFTWF0aCVDMyVBOW1hdGlxdWVzJTNDJTJGZGl2JTNFJTBBJTA5JTA5JTA5JTA5JTNDZGl2JTIwY2xhc3MlM0QlMjJ0YWJsZS1kYXRhJTIyJTNFNkglM0MlMkZkaXYlM0UlMEElMDklMDklMDklMDklM0NkaXYlMjBjbGFzcyUzRCUyMnRhYmxlLWRhdGElMjIlM0U5SCUzQyUyRmRpdiUzRSUwQSUwOSUwOSUwOSUzQyUyRmRpdiUzRSUwQSUyMCUyMCUyMCUyMCUyMCUyMCUyMCUyMCUyMCUyMCUyMCUyMCUzQ2RpdiUyMGNsYXNzJTNEJTIydGFibGUtcm93JTIyJTIwJTIwc3R5bGUlM0QlMjJiYWNrZ3JvdW5kJTNBJTIwJTIzZThlOGU4JTNCJTIyJTNFJTBBJTA5JTA5JTA5JTA5JTNDZGl2JTIwY2xhc3MlM0QlMjJ0YWJsZS1kYXRhJTIyJTNFSW5pdGlhdGlvbiUyMGF1eCUyME1hdGglQzMlQTltYXRpcXVlcyUyMGVuJTIwYW5nbGFpcyUzQyUyRmRpdiUzRSUwQSUwOSUwOSUwOSUwOSUzQ2RpdiUyMGNsYXNzJTNEJTIydGFibGUtZGF0YSUyMiUzRSUzQyUyRmRpdiUzRSUwQSUwOSUwOSUwOSUwOSUzQ2RpdiUyMGNsYXNzJTNEJTIydGFibGUtZGF0YSUyMiUzRTFIJTNDJTJGZGl2JTNFJTBBJTA5JTA5JTA5JTNDJTJGZGl2JTNFJTBBJTIwJTIwJTIwJTIwJTIwJTIwJTIwJTIwJTIwJTIwJTIwJTIwJTNDZGl2JTIwY2xhc3MlM0QlMjJ0YWJsZS1yb3clMjIlM0UlMEElMDklMDklMDklMDklM0NkaXYlMjBjbGFzcyUzRCUyMnRhYmxlLWRhdGElMjIlM0VTY2llbmNlcyUyMGRlJTIwbGElMjB2aWUlMjBldCUyMGRlJTIwbGElMjB0ZXJyZSUyMCUyRiUyMGNvdXJzJTIwZGlzcGVucyVDMyVBOSUyMGVuJTIwZnJhbiVDMyVBN2FpcyUyMGV0JTIwZW4lMjBhbmdsYWlzJTNDJTJGZGl2JTNFJTBBJTA5JTA5JTA5JTA5JTNDZGl2JTIwY2xhc3MlM0QlMjJ0YWJsZS1kYXRhJTIyJTNFM0glM0MlMkZkaXYlM0UlMEElMDklMDklMDklMDklM0NkaXYlMjBjbGFzcyUzRCUyMnRhYmxlLWRhdGElMjIlM0UzSCUzQyUyRmRpdiUzRSUwQSUwOSUwOSUwOSUzQyUyRmRpdiUzRSUwQSUyMCUyMCUyMCUyMCUyMCUyMCUyMCUyMCUyMCUyMCUyMCUyMCUzQ2RpdiUyMGNsYXNzJTNEJTIydGFibGUtcm93JTIyJTIwJTIwc3R5bGUlM0QlMjJiYWNrZ3JvdW5kJTNBJTIwJTIzZThlOGU4JTNCJTIyJTNFJTBBJTA5JTA5JTA5JTA5JTNDZGl2JTIwY2xhc3MlM0QlMjJ0YWJsZS1kYXRhJTIyJTNFRURBJTIwZXQlMjBFRE0lM0MlMkZkaXYlM0UlMEElMDklMDklMDklMDklM0NkaXYlMjBjbGFzcyUzRCUyMnRhYmxlLWRhdGElMjIlM0UxSCUzQyUyRmRpdiUzRSUwQSUwOSUwOSUwOSUwOSUzQ2RpdiUyMGNsYXNzJTNEJTIydGFibGUtZGF0YSUyMiUzRTFIJTNDJTJGZGl2JTNFJTBBJTA5JTA5JTA5JTNDJTJGZGl2JTNFJTBBJTIwJTIwJTIwJTIwJTIwJTIwJTIwJTIwJTIwJTIwJTIwJTIwJTNDZGl2JTIwY2xhc3MlM0QlMjJ0YWJsZS1yb3clMjIlM0UlMEElMDklMDklMDklMDklM0NkaXYlMjBjbGFzcyUzRCUyMnRhYmxlLWRhdGElMjIlM0VJbmZvcm1hdGlxdWUlMkYlMjBjb3VycyUyMGRpc3BlbnMlQzMlQTklMjBlbiUyMGZyYW4lQzMlQTdhaXMlMjBldCUyMGVuJTIwYW5nbGFpcyUzQyUyRmRpdiUzRSUwQSUwOSUwOSUwOSUwOSUzQ2RpdiUyMGNsYXNzJTNEJTIydGFibGUtZGF0YSUyMiUzRTJIJTNDJTJGZGl2JTNFJTBBJTA5JTA5JTA5JTA5JTNDZGl2JTIwY2xhc3MlM0QlMjJ0YWJsZS1kYXRhJTIyJTNFMkglM0MlMkZkaXYlM0UlMEElMDklMDklMDklM0MlMkZkaXYlM0UlMEElMjAlMjAlMjAlMjAlMjAlMjAlMjAlMjAlMjAlMjAlMjAlMjAlM0NkaXYlMjBjbGFzcyUzRCUyMnRhYmxlLXJvdyUyMiUyMCUyMHN0eWxlJTNEJTIyYmFja2dyb3VuZCUzQSUyMCUyM2U4ZThlOCUzQiUyMiUzRSUwQSUwOSUwOSUwOSUwOSUzQ2RpdiUyMGNsYXNzJTNEJTIydGFibGUtZGF0YSUyMiUzRUFjdGl2aXQlQzMlQTlzJTIwZGUlMjBjciVDMyVBOWF0aW9uJTIwZXQlMjBkZSUyMHJlY2hlcmNoZSUzQyUyRmRpdiUzRSUwQSUwOSUwOSUwOSUwOSUzQ2RpdiUyMGNsYXNzJTNEJTIydGFibGUtZGF0YSUyMiUzRSUzQyUyRmRpdiUzRSUwQSUwOSUwOSUwOSUwOSUzQ2RpdiUyMGNsYXNzJTNEJTIydGFibGUtZGF0YSUyMiUzRTFIJTNDJTJGZGl2JTNFJTBBJTA5JTA5JTA5JTNDJTJGZGl2JTNFJTBBJTIwJTIwJTIwJTIwJTIwJTIwJTIwJTIwJTIwJTIwJTIwJTIwJTNDZGl2JTIwY2xhc3MlM0QlMjJ0YWJsZS1yb3clMjIlMjBzdHlsZSUzRCUyMmNvbG9yJTNBJTIwJTIzZmZmJTNCYmFja2dyb3VuZCUzQSUyMCUyMzJlODhkNiUzQiUyMiUzRSUwQSUwOSUwOSUwOSUwOSUzQ2RpdiUyMGNsYXNzJTNEJTIydGFibGUtZGF0YSUyMiUzRVZvbHVtZSUyMGhvcmFpcmUlMjB0b3RhbCUzQyUyRmRpdiUzRSUwQSUwOSUwOSUwOSUwOSUzQ2RpdiUyMGNsYXNzJTNEJTIydGFibGUtZGF0YSUyMiUzRTI0SCUzQyUyRmRpdiUzRSUwQSUwOSUwOSUwOSUwOSUzQ2RpdiUyMGNsYXNzJTNEJTIydGFibGUtZGF0YSUyMiUzRTMySCUzQyUyRmRpdiUzRSUwQSUwOSUwOSUwOSUzQyUyRmRpdiUzRSUwQSUwOSUwOSUzQyUyRmRpdiUzRSUwOSUwQSUzQyUyRmRpdiUzRQ==[\/vc_raw_html][\/vc_column][\/vc_row][vc_row css=\u00a0\u00bb.vc_custom_1510549832750{padding-top: 50px !important;}\u00a0\u00bb][vc_column][vc_custom_heading text=\u00a0\u00bbEMPLOI [&hellip;]<\/p>\n","protected":false},"author":1,"featured_media":0,"parent":0,"menu_order":0,"comment_status":"closed","ping_status":"closed","template":"","meta":{"footnotes":""},"class_list":["post-1720","page","type-page","status-publish","hentry"],"_links":{"self":[{"href":"https:\/\/www.lyceeberkeley.com\/index.php\/wp-json\/wp\/v2\/pages\/1720","targetHints":{"allow":["GET"]}}],"collection":[{"href":"https:\/\/www.lyceeberkeley.com\/index.php\/wp-json\/wp\/v2\/pages"}],"about":[{"href":"https:\/\/www.lyceeberkeley.com\/index.php\/wp-json\/wp\/v2\/types\/page"}],"author":[{"embeddable":true,"href":"https:\/\/www.lyceeberkeley.com\/index.php\/wp-json\/wp\/v2\/users\/1"}],"replies":[{"embeddable":true,"href":"https:\/\/www.lyceeberkeley.com\/index.php\/wp-json\/wp\/v2\/comments?post=1720"}],"version-history":[{"count":11,"href":"https:\/\/www.lyceeberkeley.com\/index.php\/wp-json\/wp\/v2\/pages\/1720\/revisions"}],"predecessor-version":[{"id":1831,"href":"https:\/\/www.lyceeberkeley.com\/index.php\/wp-json\/wp\/v2\/pages\/1720\/revisions\/1831"}],"wp:attachment":[{"href":"https:\/\/www.lyceeberkeley.com\/index.php\/wp-json\/wp\/v2\/media?parent=1720"}],"curies":[{"name":"wp","href":"https:\/\/api.w.org\/{rel}","templated":true}]}}